{"id":508,"date":"2024-09-11T15:59:00","date_gmt":"2024-09-11T20:59:00","guid":{"rendered":"https:\/\/nuevo.itecology.co\/?page_id=508"},"modified":"2024-09-16T12:03:03","modified_gmt":"2024-09-16T17:03:03","slug":"desarrollo-web","status":"publish","type":"page","link":"https:\/\/itecology.co\/en\/desarrollo-web\/","title":{"rendered":"Web Development"},"content":{"rendered":"<div data-elementor-type=\"wp-page\" data-elementor-id=\"508\" class=\"elementor elementor-508\">\n\t\t\t\t\t\t<section class=\"elementor-section elementor-top-section elementor-element elementor-element-91cf45c elementor-section-height-min-height elementor-section-boxed elementor-section-height-default elementor-section-items-middle\" data-id=\"91cf45c\" data-element_type=\"section\" data-e-type=\"section\" data-settings=\"{&quot;background_background&quot;:&quot;classic&quot;}\">\n\t\t\t\t\t\t\t<div class=\"elementor-background-overlay\"><\/div>\n\t\t\t\t\t\t\t<div class=\"elementor-container elementor-column-gap-no\">\n\t\t\t\t\t<div class=\"elementor-column elementor-col-100 elementor-top-column elementor-element elementor-element-32531898\" data-id=\"32531898\" data-element_type=\"column\" data-e-type=\"column\">\n\t\t\t<div class=\"elementor-widget-wrap elementor-element-populated\">\n\t\t\t\t\t\t<div class=\"elementor-element elementor-element-4d9ef4a elementor-widget elementor-widget-qi_addons_for_elementor_section_title\" data-id=\"4d9ef4a\" data-element_type=\"widget\" data-e-type=\"widget\" data-widget_type=\"qi_addons_for_elementor_section_title.default\">\n\t\t\t\t<div class=\"elementor-widget-container\">\n\t\t\t\t\t<div class=\"qodef-shortcode qodef-m qodef-qi-section-title qodef-decoration--underline qodef-link--underline-draw qodef-subtitle-icon--left\">\n\t\t\t<h1 class=\"qodef-m-title\">\n\t\tWEB DEVELOPMENT <span class=\"qodef-e-colored\">WEB<\/span>\t<\/h1>\n\t\t\t\t\t\t<\/div>\n\t\t\t\t<\/div>\n\t\t\t\t<\/div>\n\t\t\t\t\t<\/div>\n\t\t<\/div>\n\t\t\t\t\t<\/div>\n\t\t<\/section>\n\t\t\t\t<section class=\"elementor-section elementor-top-section elementor-element elementor-element-65911dae elementor-section-boxed elementor-section-height-default elementor-section-height-default elementor-invisible\" data-id=\"65911dae\" data-element_type=\"section\" data-e-type=\"section\" data-settings=\"{&quot;animation&quot;:&quot;fadeInUp&quot;}\">\n\t\t\t\t\t\t<div class=\"elementor-container elementor-column-gap-default\">\n\t\t\t\t\t<div class=\"elementor-column elementor-col-100 elementor-top-column elementor-element elementor-element-65df9f3d\" data-id=\"65df9f3d\" data-element_type=\"column\" data-e-type=\"column\" data-settings=\"{&quot;background_background&quot;:&quot;classic&quot;}\">\n\t\t\t<div class=\"elementor-widget-wrap elementor-element-populated\">\n\t\t\t\t\t\t<div class=\"elementor-element elementor-element-653143d elementor-widget elementor-widget-text-editor\" data-id=\"653143d\" data-element_type=\"widget\" data-e-type=\"widget\" data-widget_type=\"text-editor.default\">\n\t\t\t\t<div class=\"elementor-widget-container\">\n\t\t\t\t\t\t\t\t\t<p>Imagine a web site that not only dazzle you at first sight, but is designed to generate tangible results for your business. In <strong>IT Ecology<\/strong>not only do we create websites, we develop custom platforms that reflect the unique essence of your brand and are tailored to the needs of your company.<\/p><p>When you work with us, you get a website that offers a user experience sleek, intuitive navigation, load times ultra-fast and fully optimized for mobile. We know that capture the attention of your visitors is key, that&#039;s why we transform each visit into an opportunity of conversion.<\/p><p>We integrate the latest technologies and SEO strategies so that your business is on the top of search results. Your customers will find you easily, which will increase the organic traffic in a significant way.<\/p>\t\t\t\t\t\t\t\t<\/div>\n\t\t\t\t<\/div>\n\t\t\t\t\t<\/div>\n\t\t<\/div>\n\t\t\t\t\t<\/div>\n\t\t<\/section>\n\t\t\t\t<section class=\"elementor-section elementor-top-section elementor-element elementor-element-71409f68 elementor-section-boxed elementor-section-height-default elementor-section-height-default\" data-id=\"71409f68\" data-element_type=\"section\" data-e-type=\"section\" data-settings=\"{&quot;background_background&quot;:&quot;classic&quot;,&quot;shape_divider_bottom&quot;:&quot;pyramids&quot;}\">\n\t\t\t\t\t\t\t<div class=\"elementor-background-overlay\"><\/div>\n\t\t\t\t\t\t<div class=\"elementor-shape elementor-shape-bottom\" aria-hidden=\"true\" data-negative=\"false\">\n\t\t\t<svg xmlns=\"http:\/\/www.w3.org\/2000\/svg\" viewbox=\"0 0 1000 100\" preserveaspectratio=\"none\">\n\t<path class=\"elementor-shape-fill\" d=\"M761.9,44.1L643.1,27.2L333.8,98L0,3.8V0l1000,0v3.9\"\/>\n<\/svg>\t\t<\/div>\n\t\t\t\t\t<div class=\"elementor-container elementor-column-gap-no\">\n\t\t\t\t\t<div class=\"elementor-column elementor-col-100 elementor-top-column elementor-element elementor-element-2069e8a4\" data-id=\"2069e8a4\" data-element_type=\"column\" data-e-type=\"column\">\n\t\t\t<div class=\"elementor-widget-wrap elementor-element-populated\">\n\t\t\t\t\t\t<div class=\"elementor-element elementor-element-eb38513 elementor-widget elementor-widget-heading\" data-id=\"eb38513\" data-element_type=\"widget\" data-e-type=\"widget\" data-widget_type=\"heading.default\">\n\t\t\t\t<div class=\"elementor-widget-container\">\n\t\t\t\t\t<h2 class=\"elementor-heading-title elementor-size-default\">What you get with us<\/h2>\t\t\t\t<\/div>\n\t\t\t\t<\/div>\n\t\t\t\t<div class=\"elementor-element elementor-element-69223fe elementor-widget-divider--view-line elementor-widget elementor-widget-divider\" data-id=\"69223fe\" data-element_type=\"widget\" data-e-type=\"widget\" data-widget_type=\"divider.default\">\n\t\t\t\t<div class=\"elementor-widget-container\">\n\t\t\t\t\t\t\t<div class=\"elementor-divider\">\n\t\t\t<span class=\"elementor-divider-separator\">\n\t\t\t\t\t\t<\/span>\n\t\t<\/div>\n\t\t\t\t\t\t<\/div>\n\t\t\t\t<\/div>\n\t\t\t\t<div class=\"elementor-element elementor-element-64dbfe94 elementor-widget elementor-widget-qi_addons_for_elementor_item_showcase\" data-id=\"64dbfe94\" data-element_type=\"widget\" data-e-type=\"widget\" data-widget_type=\"qi_addons_for_elementor_item_showcase.default\">\n\t\t\t\t<div class=\"elementor-widget-container\">\n\t\t\t\t\t<div class=\"qodef-shortcode qodef-m qodef-qi-item-showcase qodef-layout--standard qodef-qi--has-appear\">\n\t<div class=\"qodef-m-items qodef--left\">\n\t\t<div class=\"qodef-m-item qodef-e\">\n\t\t<div class=\"qodef-e-number\">\n\t\t1.\t<\/div>\n\t\t<h3 class=\"qodef-e-title\">\n\t Custom design: \t<\/h3>\n\t\t<p class=\"qodef-e-text\">Your brand will stand out in a competitive market.<\/p>\n\t<\/div>\n<div class=\"qodef-m-item qodef-e\">\n\t\t<div class=\"qodef-e-number\">\n\t\t2.\t<\/div>\n\t\t<h3 class=\"qodef-e-title\">\n\t Optimization and mobile speed: \t<\/h3>\n\t\t<p class=\"qodef-e-text\">Your site will work perfectly on any device.<\/p>\n\t<\/div>\n\t<\/div>\n\t\t<div class=\"qodef-m-image\">\n\t\t<img fetchpriority=\"high\" decoding=\"async\" width=\"1300\" height=\"2000\" src=\"https:\/\/itecology.co\/wp-content\/uploads\/2024\/09\/WEB.png\" class=\"attachment-full size-full\" alt=\"\" srcset=\"https:\/\/itecology.co\/wp-content\/uploads\/2024\/09\/WEB.png 1300w, https:\/\/itecology.co\/wp-content\/uploads\/2024\/09\/WEB-195x300.png 195w, https:\/\/itecology.co\/wp-content\/uploads\/2024\/09\/WEB-666x1024.png 666w, https:\/\/itecology.co\/wp-content\/uploads\/2024\/09\/WEB-768x1182.png 768w, https:\/\/itecology.co\/wp-content\/uploads\/2024\/09\/WEB-998x1536.png 998w\" sizes=\"(max-width: 1300px) 100vw, 1300px\" \/>\t<\/div>\n\t<div class=\"qodef-m-items qodef--right\">\n\t\t<div class=\"qodef-m-item qodef-e\">\n\t\t<div class=\"qodef-e-number\">\n\t\t3.\t<\/div>\n\t\t<h3 class=\"qodef-e-title\">\n\t SEO built-in: \t<\/h3>\n\t\t<p class=\"qodef-e-text\">More visitors and more visibility in front of the competition.<\/p>\n\t<\/div>\n<div class=\"qodef-m-item qodef-e\">\n\t\t<div class=\"qodef-e-number\">\n\t\t4.\t<\/div>\n\t\t<h3 class=\"qodef-e-title\">\n\t Ongoing maintenance: \t<\/h3>\n\t\t<p class=\"qodef-e-text\">Keep your site always up to date and functional.<\/p>\n\t<\/div>\n\t<\/div>\n<\/div>\n\t\t\t\t<\/div>\n\t\t\t\t<\/div>\n\t\t\t\t\t<\/div>\n\t\t<\/div>\n\t\t\t\t\t<\/div>\n\t\t<\/section>\n\t\t\t\t<section class=\"elementor-section elementor-top-section elementor-element elementor-element-ea93bdb elementor-section-boxed elementor-section-height-default elementor-section-height-default\" data-id=\"ea93bdb\" data-element_type=\"section\" data-e-type=\"section\">\n\t\t\t\t\t\t<div class=\"elementor-container elementor-column-gap-default\">\n\t\t\t\t\t<div class=\"elementor-column elementor-col-50 elementor-top-column elementor-element elementor-element-8192b64\" data-id=\"8192b64\" data-element_type=\"column\" data-e-type=\"column\">\n\t\t\t<div class=\"elementor-widget-wrap elementor-element-populated\">\n\t\t\t\t\t\t<div class=\"elementor-element elementor-element-4a3e0a5 elementor-widget elementor-widget-text-editor\" data-id=\"4a3e0a5\" data-element_type=\"widget\" data-e-type=\"widget\" data-widget_type=\"text-editor.default\">\n\t\t\t\t<div class=\"elementor-widget-container\">\n\t\t\t\t\t\t\t\t\t<p>With <strong>IT Ecology<\/strong>, your web is not just a tool, it is a growth platform that will take your business to new levels. <strong>Are you ready to move forward?<\/strong><\/p>\t\t\t\t\t\t\t\t<\/div>\n\t\t\t\t<\/div>\n\t\t\t\t\t<\/div>\n\t\t<\/div>\n\t\t\t\t<div class=\"elementor-column elementor-col-50 elementor-top-column elementor-element elementor-element-1eefce9\" data-id=\"1eefce9\" data-element_type=\"column\" data-e-type=\"column\">\n\t\t\t<div class=\"elementor-widget-wrap elementor-element-populated\">\n\t\t\t\t\t\t<div class=\"elementor-element elementor-element-57cde1e elementor-align-center elementor-widget elementor-widget-button\" data-id=\"57cde1e\" data-element_type=\"widget\" data-e-type=\"widget\" data-widget_type=\"button.default\">\n\t\t\t\t<div class=\"elementor-widget-container\">\n\t\t\t\t\t\t\t\t\t<div class=\"elementor-button-wrapper\">\n\t\t\t\t\t<a class=\"elementor-button elementor-button-link elementor-size-sm\" href=\"#\">\n\t\t\t\t\t\t<span class=\"elementor-button-content-wrapper\">\n\t\t\t\t\t\t\t\t\t<span class=\"elementor-button-text\">Let&#039;s talk!<\/span>\n\t\t\t\t\t<\/span>\n\t\t\t\t\t<\/a>\n\t\t\t\t<\/div>\n\t\t\t\t\t\t\t\t<\/div>\n\t\t\t\t<\/div>\n\t\t\t\t\t<\/div>\n\t\t<\/div>\n\t\t\t\t\t<\/div>\n\t\t<\/section>\n\t\t\t\t<section class=\"elementor-section elementor-top-section elementor-element elementor-element-51e63a11 elementor-section-boxed elementor-section-height-default elementor-section-height-default\" data-id=\"51e63a11\" data-element_type=\"section\" data-e-type=\"section\">\n\t\t\t\t\t\t<div class=\"elementor-container elementor-column-gap-no\">\n\t\t\t\t\t<div class=\"elementor-column elementor-col-100 elementor-top-column elementor-element elementor-element-64af3bad\" data-id=\"64af3bad\" data-element_type=\"column\" data-e-type=\"column\" data-settings=\"{&quot;background_background&quot;:&quot;classic&quot;}\">\n\t\t\t<div class=\"elementor-widget-wrap elementor-element-populated\">\n\t\t\t\t\t\t<div class=\"elementor-element elementor-element-e88e248 elementor-arrows-position-inside elementor-widget elementor-widget-image-carousel\" data-id=\"e88e248\" data-element_type=\"widget\" data-e-type=\"widget\" data-settings=\"{&quot;navigation&quot;:&quot;arrows&quot;,&quot;autoplay_speed&quot;:2500,&quot;speed&quot;:400,&quot;autoplay&quot;:&quot;yes&quot;,&quot;pause_on_hover&quot;:&quot;yes&quot;,&quot;pause_on_interaction&quot;:&quot;yes&quot;,&quot;infinite&quot;:&quot;yes&quot;}\" data-widget_type=\"image-carousel.default\">\n\t\t\t\t<div class=\"elementor-widget-container\">\n\t\t\t\t\t\t\t<div class=\"elementor-image-carousel-wrapper swiper\" role=\"region\" aria-roledescription=\"carousel\" aria-label=\"Carrusel de im\u00e1genes\" dir=\"ltr\">\n\t\t\t<div class=\"elementor-image-carousel swiper-wrapper\" aria-live=\"off\">\n\t\t\t\t\t\t\t\t<div class=\"swiper-slide\" role=\"group\" aria-roledescription=\"slide\" aria-label=\"1 of 12\"><figure class=\"swiper-slide-inner\"><img decoding=\"async\" class=\"swiper-slide-image\" src=\"https:\/\/itecology.co\/wp-content\/uploads\/2024\/09\/mminsurance.png\" alt=\"mminsurance\" \/><\/figure><\/div><div class=\"swiper-slide\" role=\"group\" aria-roledescription=\"slide\" aria-label=\"2 of 12\"><figure class=\"swiper-slide-inner\"><img decoding=\"async\" class=\"swiper-slide-image\" src=\"https:\/\/itecology.co\/wp-content\/uploads\/2024\/09\/mesurgical.png\" alt=\"mesurgical\" \/><\/figure><\/div><div class=\"swiper-slide\" role=\"group\" aria-roledescription=\"slide\" aria-label=\"3 of 12\"><figure class=\"swiper-slide-inner\"><img decoding=\"async\" class=\"swiper-slide-image\" src=\"https:\/\/itecology.co\/wp-content\/uploads\/2024\/09\/hidrenambiente.png\" alt=\"hidrenambiente\" \/><\/figure><\/div><div class=\"swiper-slide\" role=\"group\" aria-roledescription=\"slide\" aria-label=\"4 of 12\"><figure class=\"swiper-slide-inner\"><img decoding=\"async\" class=\"swiper-slide-image\" src=\"https:\/\/itecology.co\/wp-content\/uploads\/2024\/09\/ANAE.png\" alt=\"ANAE\" \/><\/figure><\/div><div class=\"swiper-slide\" role=\"group\" aria-roledescription=\"slide\" aria-label=\"5 of 12\"><figure class=\"swiper-slide-inner\"><img decoding=\"async\" class=\"swiper-slide-image\" src=\"https:\/\/itecology.co\/wp-content\/uploads\/2024\/09\/MEDIOORIENTE.png\" alt=\"MEDIOORIENTE\" \/><\/figure><\/div><div class=\"swiper-slide\" role=\"group\" aria-roledescription=\"slide\" aria-label=\"6 of 12\"><figure class=\"swiper-slide-inner\"><img decoding=\"async\" class=\"swiper-slide-image\" src=\"https:\/\/itecology.co\/wp-content\/uploads\/2024\/09\/MAABOGADOS.png\" alt=\"MAABOGADOS\" \/><\/figure><\/div><div class=\"swiper-slide\" role=\"group\" aria-roledescription=\"slide\" aria-label=\"7 of 12\"><figure class=\"swiper-slide-inner\"><img decoding=\"async\" class=\"swiper-slide-image\" src=\"https:\/\/itecology.co\/wp-content\/uploads\/2024\/09\/LLANTASMIL.png\" alt=\"LLANTASMIL\" \/><\/figure><\/div><div class=\"swiper-slide\" role=\"group\" aria-roledescription=\"slide\" aria-label=\"8 of 12\"><figure class=\"swiper-slide-inner\"><img decoding=\"async\" class=\"swiper-slide-image\" src=\"https:\/\/itecology.co\/wp-content\/uploads\/2024\/09\/LENTESPLUS.png\" alt=\"LENTESPLUS\" \/><\/figure><\/div><div class=\"swiper-slide\" role=\"group\" aria-roledescription=\"slide\" aria-label=\"9 of 12\"><figure class=\"swiper-slide-inner\"><img decoding=\"async\" class=\"swiper-slide-image\" src=\"https:\/\/itecology.co\/wp-content\/uploads\/2024\/09\/HUES.png\" alt=\"HUES\" \/><\/figure><\/div><div class=\"swiper-slide\" role=\"group\" aria-roledescription=\"slide\" aria-label=\"10 of 12\"><figure class=\"swiper-slide-inner\"><img decoding=\"async\" class=\"swiper-slide-image\" src=\"https:\/\/itecology.co\/wp-content\/uploads\/2024\/09\/HILARESTUDIO.png\" alt=\"HILARESTUDIO\" \/><\/figure><\/div><div class=\"swiper-slide\" role=\"group\" aria-roledescription=\"slide\" aria-label=\"11 of 12\"><figure class=\"swiper-slide-inner\"><img decoding=\"async\" class=\"swiper-slide-image\" src=\"https:\/\/itecology.co\/wp-content\/uploads\/2024\/09\/biltwell.png\" alt=\"biltwell\" \/><\/figure><\/div><div class=\"swiper-slide\" role=\"group\" aria-roledescription=\"slide\" aria-label=\"12 of 12\"><figure class=\"swiper-slide-inner\"><img decoding=\"async\" class=\"swiper-slide-image\" src=\"https:\/\/itecology.co\/wp-content\/uploads\/2024\/09\/BELLAMIA.png\" alt=\"BELLAMIA\" \/><\/figure><\/div>\t\t\t<\/div>\n\t\t\t\t\t\t\t\t\t\t\t\t<div class=\"elementor-swiper-button elementor-swiper-button-prev\" role=\"button\" tabindex=\"0\">\n\t\t\t\t\t\t<i aria-hidden=\"true\" class=\"eicon-chevron-left\"><\/i>\t\t\t\t\t<\/div>\n\t\t\t\t\t<div class=\"elementor-swiper-button elementor-swiper-button-next\" role=\"button\" tabindex=\"0\">\n\t\t\t\t\t\t<i aria-hidden=\"true\" class=\"eicon-chevron-right\"><\/i>\t\t\t\t\t<\/div>\n\t\t\t\t\n\t\t\t\t\t\t\t\t\t<\/div>\n\t\t\t\t\t\t<\/div>\n\t\t\t\t<\/div>\n\t\t\t\t\t<\/div>\n\t\t<\/div>\n\t\t\t\t\t<\/div>\n\t\t<\/section>\n\t\t\t\t<\/div>","protected":false},"excerpt":{"rendered":"<p>DESARROLLO WEB Imagina un sitio web que no solo deslumbre a primera vista, sino que est\u00e9 dise\u00f1ado para generar resultados tangibles para tu negocio. En IT Ecology, no solo creamos p\u00e1ginas web; desarrollamos plataformas personalizadas que reflejan la esencia \u00fanica de tu marca y se adaptan a las necesidades de tu empresa. Al trabajar con [&hellip;]<\/p>\n","protected":false},"author":1,"featured_media":0,"parent":0,"menu_order":0,"comment_status":"closed","ping_status":"closed","template":"","meta":{"footnotes":""},"class_list":["post-508","page","type-page","status-publish","hentry"],"_links":{"self":[{"href":"https:\/\/itecology.co\/en\/wp-json\/wp\/v2\/pages\/508","targetHints":{"allow":["GET"]}}],"collection":[{"href":"https:\/\/itecology.co\/en\/wp-json\/wp\/v2\/pages"}],"about":[{"href":"https:\/\/itecology.co\/en\/wp-json\/wp\/v2\/types\/page"}],"author":[{"embeddable":true,"href":"https:\/\/itecology.co\/en\/wp-json\/wp\/v2\/users\/1"}],"replies":[{"embeddable":true,"href":"https:\/\/itecology.co\/en\/wp-json\/wp\/v2\/comments?post=508"}],"version-history":[{"count":55,"href":"https:\/\/itecology.co\/en\/wp-json\/wp\/v2\/pages\/508\/revisions"}],"predecessor-version":[{"id":1077,"href":"https:\/\/itecology.co\/en\/wp-json\/wp\/v2\/pages\/508\/revisions\/1077"}],"wp:attachment":[{"href":"https:\/\/itecology.co\/en\/wp-json\/wp\/v2\/media?parent=508"}],"curies":[{"name":"wp","href":"https:\/\/api.w.org\/{rel}","templated":true}]}}