{"id":547,"date":"2024-09-12T11:46:26","date_gmt":"2024-09-12T16:46:26","guid":{"rendered":"https:\/\/nuevo.itecology.co\/?page_id=547"},"modified":"2024-09-16T11:52:32","modified_gmt":"2024-09-16T16:52:32","slug":"branding-2","status":"publish","type":"page","link":"https:\/\/itecology.co\/en\/branding-2\/","title":{"rendered":"Branding"},"content":{"rendered":"<div data-elementor-type=\"wp-page\" data-elementor-id=\"547\" class=\"elementor elementor-547\">\n\t\t\t\t\t\t<section class=\"elementor-section elementor-top-section elementor-element elementor-element-91cf45c elementor-section-height-min-height elementor-section-boxed elementor-section-height-default elementor-section-items-middle\" data-id=\"91cf45c\" data-element_type=\"section\" data-e-type=\"section\" data-settings=\"{&quot;background_background&quot;:&quot;classic&quot;}\">\n\t\t\t\t\t\t\t<div class=\"elementor-background-overlay\"><\/div>\n\t\t\t\t\t\t\t<div class=\"elementor-container elementor-column-gap-no\">\n\t\t\t\t\t<div class=\"elementor-column elementor-col-100 elementor-top-column elementor-element elementor-element-32531898\" data-id=\"32531898\" data-element_type=\"column\" data-e-type=\"column\">\n\t\t\t<div class=\"elementor-widget-wrap elementor-element-populated\">\n\t\t\t\t\t\t<div class=\"elementor-element elementor-element-4d9ef4a elementor-widget elementor-widget-qi_addons_for_elementor_section_title\" data-id=\"4d9ef4a\" data-element_type=\"widget\" data-e-type=\"widget\" data-widget_type=\"qi_addons_for_elementor_section_title.default\">\n\t\t\t\t<div class=\"elementor-widget-container\">\n\t\t\t\t\t<div class=\"qodef-shortcode qodef-m qodef-qi-section-title qodef-decoration--underline qodef-link--underline-draw qodef-subtitle-icon--left\">\n\t\t\t<h1 class=\"qodef-m-title\">\n\t\tBRANDING\t<\/h1>\n\t\t\t\t\t\t<\/div>\n\t\t\t\t<\/div>\n\t\t\t\t<\/div>\n\t\t\t\t\t<\/div>\n\t\t<\/div>\n\t\t\t\t\t<\/div>\n\t\t<\/section>\n\t\t\t\t<section class=\"elementor-section elementor-top-section elementor-element elementor-element-65911dae elementor-section-boxed elementor-section-height-default elementor-section-height-default elementor-invisible\" data-id=\"65911dae\" data-element_type=\"section\" data-e-type=\"section\" data-settings=\"{&quot;animation&quot;:&quot;fadeInUp&quot;}\">\n\t\t\t\t\t\t<div class=\"elementor-container elementor-column-gap-default\">\n\t\t\t\t\t<div class=\"elementor-column elementor-col-100 elementor-top-column elementor-element elementor-element-65df9f3d\" data-id=\"65df9f3d\" data-element_type=\"column\" data-e-type=\"column\" data-settings=\"{&quot;background_background&quot;:&quot;classic&quot;}\">\n\t\t\t<div class=\"elementor-widget-wrap elementor-element-populated\">\n\t\t\t\t\t\t<div class=\"elementor-element elementor-element-653143d elementor-widget elementor-widget-text-editor\" data-id=\"653143d\" data-element_type=\"widget\" data-e-type=\"widget\" data-widget_type=\"text-editor.default\">\n\t\t\t\t<div class=\"elementor-widget-container\">\n\t\t\t\t\t\t\t\t\t<p>We build brands that leave their mark. Our service Branding goes beyond a logo: create an identity that connects emotionally with your audience, differentiating your brand in a competitive market.<\/p>\t\t\t\t\t\t\t\t<\/div>\n\t\t\t\t<\/div>\n\t\t\t\t\t<\/div>\n\t\t<\/div>\n\t\t\t\t\t<\/div>\n\t\t<\/section>\n\t\t\t\t<section class=\"elementor-section elementor-top-section elementor-element elementor-element-71409f68 elementor-section-boxed elementor-section-height-default elementor-section-height-default\" data-id=\"71409f68\" data-element_type=\"section\" data-e-type=\"section\" data-settings=\"{&quot;background_background&quot;:&quot;classic&quot;,&quot;shape_divider_bottom&quot;:&quot;pyramids&quot;}\">\n\t\t\t\t\t\t\t<div class=\"elementor-background-overlay\"><\/div>\n\t\t\t\t\t\t<div class=\"elementor-shape elementor-shape-bottom\" aria-hidden=\"true\" data-negative=\"false\">\n\t\t\t<svg xmlns=\"http:\/\/www.w3.org\/2000\/svg\" viewbox=\"0 0 1000 100\" preserveaspectratio=\"none\">\n\t<path class=\"elementor-shape-fill\" d=\"M761.9,44.1L643.1,27.2L333.8,98L0,3.8V0l1000,0v3.9\"\/>\n<\/svg>\t\t<\/div>\n\t\t\t\t\t<div class=\"elementor-container elementor-column-gap-no\">\n\t\t\t\t\t<div class=\"elementor-column elementor-col-100 elementor-top-column elementor-element elementor-element-2069e8a4\" data-id=\"2069e8a4\" data-element_type=\"column\" data-e-type=\"column\">\n\t\t\t<div class=\"elementor-widget-wrap elementor-element-populated\">\n\t\t\t\t\t\t<div class=\"elementor-element elementor-element-97a81b0 elementor-widget elementor-widget-heading\" data-id=\"97a81b0\" data-element_type=\"widget\" data-e-type=\"widget\" data-widget_type=\"heading.default\">\n\t\t\t\t<div class=\"elementor-widget-container\">\n\t\t\t\t\t<h2 class=\"elementor-heading-title elementor-size-default\">What you get with us<\/h2>\t\t\t\t<\/div>\n\t\t\t\t<\/div>\n\t\t\t\t<div class=\"elementor-element elementor-element-f5affe1 elementor-widget-divider--view-line elementor-widget elementor-widget-divider\" data-id=\"f5affe1\" data-element_type=\"widget\" data-e-type=\"widget\" data-widget_type=\"divider.default\">\n\t\t\t\t<div class=\"elementor-widget-container\">\n\t\t\t\t\t\t\t<div class=\"elementor-divider\">\n\t\t\t<span class=\"elementor-divider-separator\">\n\t\t\t\t\t\t<\/span>\n\t\t<\/div>\n\t\t\t\t\t\t<\/div>\n\t\t\t\t<\/div>\n\t\t\t\t<div class=\"elementor-element elementor-element-64dbfe94 elementor-widget elementor-widget-qi_addons_for_elementor_item_showcase\" data-id=\"64dbfe94\" data-element_type=\"widget\" data-e-type=\"widget\" data-widget_type=\"qi_addons_for_elementor_item_showcase.default\">\n\t\t\t\t<div class=\"elementor-widget-container\">\n\t\t\t\t\t<div class=\"qodef-shortcode qodef-m qodef-qi-item-showcase qodef-layout--standard qodef-qi--has-appear\">\n\t<div class=\"qodef-m-items qodef--left\">\n\t\t<div class=\"qodef-m-item qodef-e\">\n\t\t<div class=\"qodef-e-number\">\n\t\t1.\t<\/div>\n\t\t<h3 class=\"qodef-e-title\">\n\t Unique identity that Connects: \t<\/h3>\n\t\t<p class=\"qodef-e-text\">We do not design logos generic, we create identities that are memorable that speak for your brand.<\/p>\n\t<\/div>\n<div class=\"qodef-m-item qodef-e\">\n\t\t<div class=\"qodef-e-number\">\n\t\t2.\t<\/div>\n\t\t<h3 class=\"qodef-e-title\">\n\t Strategy-Proof Future: \t<\/h3>\n\t\t<p class=\"qodef-e-text\">We develop a strategic branding that not only positions today, but prepares you to lead tomorrow. <\/p>\n\t<\/div>\n<div class=\"qodef-m-item qodef-e\">\n\t\t<div class=\"qodef-e-number\">\n\t\t3.\t<\/div>\n\t\t<h3 class=\"qodef-e-title\">\n\t Consistency across All Channels: \t<\/h3>\n\t\t<p class=\"qodef-e-text\">From your website to your social networks, we ensure that the essence of your brand remains strong and consistent at all points of contact. <\/p>\n\t<\/div>\n\t<\/div>\n\t\t<div class=\"qodef-m-image\">\n\t\t<img fetchpriority=\"high\" decoding=\"async\" width=\"1300\" height=\"2000\" src=\"https:\/\/itecology.co\/wp-content\/uploads\/2024\/09\/BRAND.png\" class=\"attachment-full size-full\" alt=\"\" srcset=\"https:\/\/itecology.co\/wp-content\/uploads\/2024\/09\/BRAND.png 1300w, https:\/\/itecology.co\/wp-content\/uploads\/2024\/09\/BRAND-195x300.png 195w, https:\/\/itecology.co\/wp-content\/uploads\/2024\/09\/BRAND-666x1024.png 666w, https:\/\/itecology.co\/wp-content\/uploads\/2024\/09\/BRAND-768x1182.png 768w, https:\/\/itecology.co\/wp-content\/uploads\/2024\/09\/BRAND-998x1536.png 998w\" sizes=\"(max-width: 1300px) 100vw, 1300px\" \/>\t<\/div>\n\t<div class=\"qodef-m-items qodef--right\">\n\t\t<div class=\"qodef-m-item qodef-e\">\n\t\t<div class=\"qodef-e-number\">\n\t\t4.\t<\/div>\n\t\t<h3 class=\"qodef-e-title\">\n\t Brutal Differentiation: \t<\/h3>\n\t\t<p class=\"qodef-e-text\">In a saturated market, we make your brand to distinguish itself from the crowd. Our disruptive approach and creative ensures that you may see, and you remember.<\/p>\n\t<\/div>\n<div class=\"qodef-m-item qodef-e\">\n\t\t<div class=\"qodef-e-number\">\n\t\t5.\t<\/div>\n\t\t<h3 class=\"qodef-e-title\">\n\t Tangible Results: \t<\/h3>\n\t\t<p class=\"qodef-e-text\">It is not just design, it&#039;s about results. Your branding is focused on build recognition, loyalty, and most importantly, growth.<\/p>\n\t<\/div>\n\t<\/div>\n<\/div>\n\t\t\t\t<\/div>\n\t\t\t\t<\/div>\n\t\t\t\t\t<\/div>\n\t\t<\/div>\n\t\t\t\t\t<\/div>\n\t\t<\/section>\n\t\t\t\t<section class=\"elementor-section elementor-top-section elementor-element elementor-element-81216b5 elementor-section-boxed elementor-section-height-default elementor-section-height-default\" data-id=\"81216b5\" data-element_type=\"section\" data-e-type=\"section\">\n\t\t\t\t\t\t<div class=\"elementor-container elementor-column-gap-no\">\n\t\t\t\t\t<div class=\"elementor-column elementor-col-100 elementor-top-column elementor-element elementor-element-04a37db\" data-id=\"04a37db\" data-element_type=\"column\" data-e-type=\"column\" data-settings=\"{&quot;background_background&quot;:&quot;classic&quot;}\">\n\t\t\t<div class=\"elementor-widget-wrap elementor-element-populated\">\n\t\t\t\t\t\t<div class=\"elementor-element elementor-element-12d1c92 elementor-arrows-position-inside elementor-widget elementor-widget-image-carousel\" data-id=\"12d1c92\" data-element_type=\"widget\" data-e-type=\"widget\" data-settings=\"{&quot;navigation&quot;:&quot;arrows&quot;,&quot;autoplay_speed&quot;:2500,&quot;speed&quot;:400,&quot;autoplay&quot;:&quot;yes&quot;,&quot;pause_on_hover&quot;:&quot;yes&quot;,&quot;pause_on_interaction&quot;:&quot;yes&quot;,&quot;infinite&quot;:&quot;yes&quot;}\" data-widget_type=\"image-carousel.default\">\n\t\t\t\t<div class=\"elementor-widget-container\">\n\t\t\t\t\t\t\t<div class=\"elementor-image-carousel-wrapper swiper\" role=\"region\" aria-roledescription=\"carousel\" aria-label=\"Carrusel de im\u00e1genes\" dir=\"ltr\">\n\t\t\t<div class=\"elementor-image-carousel swiper-wrapper\" aria-live=\"off\">\n\t\t\t\t\t\t\t\t<div class=\"swiper-slide\" role=\"group\" aria-roledescription=\"slide\" aria-label=\"1 of 12\"><figure class=\"swiper-slide-inner\"><img decoding=\"async\" class=\"swiper-slide-image\" src=\"https:\/\/itecology.co\/wp-content\/uploads\/2024\/09\/mminsurance.png\" alt=\"mminsurance\" \/><\/figure><\/div><div class=\"swiper-slide\" role=\"group\" aria-roledescription=\"slide\" aria-label=\"2 of 12\"><figure class=\"swiper-slide-inner\"><img decoding=\"async\" class=\"swiper-slide-image\" src=\"https:\/\/itecology.co\/wp-content\/uploads\/2024\/09\/mesurgical.png\" alt=\"mesurgical\" \/><\/figure><\/div><div class=\"swiper-slide\" role=\"group\" aria-roledescription=\"slide\" aria-label=\"3 of 12\"><figure class=\"swiper-slide-inner\"><img decoding=\"async\" class=\"swiper-slide-image\" src=\"https:\/\/itecology.co\/wp-content\/uploads\/2024\/09\/hidrenambiente.png\" alt=\"hidrenambiente\" \/><\/figure><\/div><div class=\"swiper-slide\" role=\"group\" aria-roledescription=\"slide\" aria-label=\"4 of 12\"><figure class=\"swiper-slide-inner\"><img decoding=\"async\" class=\"swiper-slide-image\" src=\"https:\/\/itecology.co\/wp-content\/uploads\/2024\/09\/ANAE.png\" alt=\"ANAE\" \/><\/figure><\/div><div class=\"swiper-slide\" role=\"group\" aria-roledescription=\"slide\" aria-label=\"5 of 12\"><figure class=\"swiper-slide-inner\"><img decoding=\"async\" class=\"swiper-slide-image\" src=\"https:\/\/itecology.co\/wp-content\/uploads\/2024\/09\/MEDIOORIENTE.png\" alt=\"MEDIOORIENTE\" \/><\/figure><\/div><div class=\"swiper-slide\" role=\"group\" aria-roledescription=\"slide\" aria-label=\"6 of 12\"><figure class=\"swiper-slide-inner\"><img decoding=\"async\" class=\"swiper-slide-image\" src=\"https:\/\/itecology.co\/wp-content\/uploads\/2024\/09\/MAABOGADOS.png\" alt=\"MAABOGADOS\" \/><\/figure><\/div><div class=\"swiper-slide\" role=\"group\" aria-roledescription=\"slide\" aria-label=\"7 of 12\"><figure class=\"swiper-slide-inner\"><img decoding=\"async\" class=\"swiper-slide-image\" src=\"https:\/\/itecology.co\/wp-content\/uploads\/2024\/09\/LLANTASMIL.png\" alt=\"LLANTASMIL\" \/><\/figure><\/div><div class=\"swiper-slide\" role=\"group\" aria-roledescription=\"slide\" aria-label=\"8 of 12\"><figure class=\"swiper-slide-inner\"><img decoding=\"async\" class=\"swiper-slide-image\" src=\"https:\/\/itecology.co\/wp-content\/uploads\/2024\/09\/LENTESPLUS.png\" alt=\"LENTESPLUS\" \/><\/figure><\/div><div class=\"swiper-slide\" role=\"group\" aria-roledescription=\"slide\" aria-label=\"9 of 12\"><figure class=\"swiper-slide-inner\"><img decoding=\"async\" class=\"swiper-slide-image\" src=\"https:\/\/itecology.co\/wp-content\/uploads\/2024\/09\/HUES.png\" alt=\"HUES\" \/><\/figure><\/div><div class=\"swiper-slide\" role=\"group\" aria-roledescription=\"slide\" aria-label=\"10 of 12\"><figure class=\"swiper-slide-inner\"><img decoding=\"async\" class=\"swiper-slide-image\" src=\"https:\/\/itecology.co\/wp-content\/uploads\/2024\/09\/HILARESTUDIO.png\" alt=\"HILARESTUDIO\" \/><\/figure><\/div><div class=\"swiper-slide\" role=\"group\" aria-roledescription=\"slide\" aria-label=\"11 of 12\"><figure class=\"swiper-slide-inner\"><img decoding=\"async\" class=\"swiper-slide-image\" src=\"https:\/\/itecology.co\/wp-content\/uploads\/2024\/09\/biltwell.png\" alt=\"biltwell\" \/><\/figure><\/div><div class=\"swiper-slide\" role=\"group\" aria-roledescription=\"slide\" aria-label=\"12 of 12\"><figure class=\"swiper-slide-inner\"><img decoding=\"async\" class=\"swiper-slide-image\" src=\"https:\/\/itecology.co\/wp-content\/uploads\/2024\/09\/BELLAMIA.png\" alt=\"BELLAMIA\" \/><\/figure><\/div>\t\t\t<\/div>\n\t\t\t\t\t\t\t\t\t\t\t\t<div class=\"elementor-swiper-button elementor-swiper-button-prev\" role=\"button\" tabindex=\"0\">\n\t\t\t\t\t\t<i aria-hidden=\"true\" class=\"eicon-chevron-left\"><\/i>\t\t\t\t\t<\/div>\n\t\t\t\t\t<div class=\"elementor-swiper-button elementor-swiper-button-next\" role=\"button\" tabindex=\"0\">\n\t\t\t\t\t\t<i aria-hidden=\"true\" class=\"eicon-chevron-right\"><\/i>\t\t\t\t\t<\/div>\n\t\t\t\t\n\t\t\t\t\t\t\t\t\t<\/div>\n\t\t\t\t\t\t<\/div>\n\t\t\t\t<\/div>\n\t\t\t\t\t<\/div>\n\t\t<\/div>\n\t\t\t\t\t<\/div>\n\t\t<\/section>\n\t\t\t\t<\/div>","protected":false},"excerpt":{"rendered":"<p>BRANDING Construimos marcas que dejan huella. Nuestro servicio de Branding va m\u00e1s all\u00e1 de un logotipo: creamos una identidad que conecta emocionalmente con tu p\u00fablico, diferenciando tu marca en un mercado competitivo. Lo que obtienes con nosotros 1. Identidad \u00danica que Conecta: No dise\u00f1amos logotipos gen\u00e9ricos, creamos identidades memorables que hablan por tu marca. 2. [&hellip;]<\/p>\n","protected":false},"author":1,"featured_media":0,"parent":0,"menu_order":0,"comment_status":"closed","ping_status":"closed","template":"","meta":{"footnotes":""},"class_list":["post-547","page","type-page","status-publish","hentry"],"_links":{"self":[{"href":"https:\/\/itecology.co\/en\/wp-json\/wp\/v2\/pages\/547","targetHints":{"allow":["GET"]}}],"collection":[{"href":"https:\/\/itecology.co\/en\/wp-json\/wp\/v2\/pages"}],"about":[{"href":"https:\/\/itecology.co\/en\/wp-json\/wp\/v2\/types\/page"}],"author":[{"embeddable":true,"href":"https:\/\/itecology.co\/en\/wp-json\/wp\/v2\/users\/1"}],"replies":[{"embeddable":true,"href":"https:\/\/itecology.co\/en\/wp-json\/wp\/v2\/comments?post=547"}],"version-history":[{"count":43,"href":"https:\/\/itecology.co\/en\/wp-json\/wp\/v2\/pages\/547\/revisions"}],"predecessor-version":[{"id":1063,"href":"https:\/\/itecology.co\/en\/wp-json\/wp\/v2\/pages\/547\/revisions\/1063"}],"wp:attachment":[{"href":"https:\/\/itecology.co\/en\/wp-json\/wp\/v2\/media?parent=547"}],"curies":[{"name":"wp","href":"https:\/\/api.w.org\/{rel}","templated":true}]}}