{"id":550,"date":"2024-09-12T15:31:33","date_gmt":"2024-09-12T20:31:33","guid":{"rendered":"https:\/\/nuevo.itecology.co\/?page_id=550"},"modified":"2024-10-09T14:57:48","modified_gmt":"2024-10-09T19:57:48","slug":"administracion-de-redes-sociales","status":"publish","type":"page","link":"https:\/\/itecology.co\/en\/administracion-de-redes-sociales\/","title":{"rendered":"Social Media Administration"},"content":{"rendered":"<div data-elementor-type=\"wp-page\" data-elementor-id=\"550\" class=\"elementor elementor-550\">\n\t\t\t\t\t\t<section class=\"elementor-section elementor-top-section elementor-element elementor-element-91cf45c elementor-section-height-min-height elementor-section-boxed elementor-section-height-default elementor-section-items-middle\" data-id=\"91cf45c\" data-element_type=\"section\" data-e-type=\"section\" data-settings=\"{&quot;background_background&quot;:&quot;classic&quot;}\">\n\t\t\t\t\t\t\t<div class=\"elementor-background-overlay\"><\/div>\n\t\t\t\t\t\t\t<div class=\"elementor-container elementor-column-gap-no\">\n\t\t\t\t\t<div class=\"elementor-column elementor-col-100 elementor-top-column elementor-element elementor-element-32531898\" data-id=\"32531898\" data-element_type=\"column\" data-e-type=\"column\">\n\t\t\t<div class=\"elementor-widget-wrap elementor-element-populated\">\n\t\t\t\t\t\t<div class=\"elementor-element elementor-element-4d9ef4a elementor-widget elementor-widget-qi_addons_for_elementor_section_title\" data-id=\"4d9ef4a\" data-element_type=\"widget\" data-e-type=\"widget\" data-widget_type=\"qi_addons_for_elementor_section_title.default\">\n\t\t\t\t<div class=\"elementor-widget-container\">\n\t\t\t\t\t<div class=\"qodef-shortcode qodef-m qodef-qi-section-title qodef-decoration--underline qodef-link--underline-draw qodef-subtitle-icon--left\">\n\t\t\t<h1 class=\"qodef-m-title\">\n\t\tSOCIAL <span class=\"qodef-e-colored\">MEDIA<\/span> MANAGEMENT\t<\/h1>\n\t\t\t\t\t\t<\/div>\n\t\t\t\t<\/div>\n\t\t\t\t<\/div>\n\t\t\t\t\t<\/div>\n\t\t<\/div>\n\t\t\t\t\t<\/div>\n\t\t<\/section>\n\t\t\t\t<section class=\"elementor-section elementor-top-section elementor-element elementor-element-65911dae elementor-section-boxed elementor-section-height-default elementor-section-height-default elementor-invisible\" data-id=\"65911dae\" data-element_type=\"section\" data-e-type=\"section\" data-settings=\"{&quot;animation&quot;:&quot;fadeInUp&quot;}\">\n\t\t\t\t\t\t<div class=\"elementor-container elementor-column-gap-default\">\n\t\t\t\t\t<div class=\"elementor-column elementor-col-100 elementor-top-column elementor-element elementor-element-65df9f3d\" data-id=\"65df9f3d\" data-element_type=\"column\" data-e-type=\"column\" data-settings=\"{&quot;background_background&quot;:&quot;classic&quot;}\">\n\t\t\t<div class=\"elementor-widget-wrap elementor-element-populated\">\n\t\t\t\t\t\t<div class=\"elementor-element elementor-element-653143d elementor-widget elementor-widget-text-editor\" data-id=\"653143d\" data-element_type=\"widget\" data-e-type=\"widget\" data-widget_type=\"text-editor.default\">\n\t\t\t\t<div class=\"elementor-widget-container\">\n\t\t\t\t\t\t\t\t\t<p>Manage social networks that really impact and connect with your audience is to publish often. In<strong> IT Ecology<\/strong>we designed a strategy that fuses creativity and analysis to generate real results.<br \/>We take care of everything: from the creation of visual content to strategic planning in each platform. Each post is optimized for your channel, and we focus on building strong relationships between your brand and your followers, promoting the conversion of users into loyal customers.<\/p>\t\t\t\t\t\t\t\t<\/div>\n\t\t\t\t<\/div>\n\t\t\t\t\t<\/div>\n\t\t<\/div>\n\t\t\t\t\t<\/div>\n\t\t<\/section>\n\t\t\t\t<section class=\"elementor-section elementor-top-section elementor-element elementor-element-71409f68 elementor-section-boxed elementor-section-height-default elementor-section-height-default\" data-id=\"71409f68\" data-element_type=\"section\" data-e-type=\"section\" data-settings=\"{&quot;background_background&quot;:&quot;classic&quot;,&quot;shape_divider_bottom&quot;:&quot;pyramids&quot;}\">\n\t\t\t\t\t\t\t<div class=\"elementor-background-overlay\"><\/div>\n\t\t\t\t\t\t<div class=\"elementor-shape elementor-shape-bottom\" aria-hidden=\"true\" data-negative=\"false\">\n\t\t\t<svg xmlns=\"http:\/\/www.w3.org\/2000\/svg\" viewbox=\"0 0 1000 100\" preserveaspectratio=\"none\">\n\t<path class=\"elementor-shape-fill\" d=\"M761.9,44.1L643.1,27.2L333.8,98L0,3.8V0l1000,0v3.9\"\/>\n<\/svg>\t\t<\/div>\n\t\t\t\t\t<div class=\"elementor-container elementor-column-gap-no\">\n\t\t\t\t\t<div class=\"elementor-column elementor-col-100 elementor-top-column elementor-element elementor-element-2069e8a4\" data-id=\"2069e8a4\" data-element_type=\"column\" data-e-type=\"column\">\n\t\t\t<div class=\"elementor-widget-wrap elementor-element-populated\">\n\t\t\t\t\t\t<div class=\"elementor-element elementor-element-312fbff elementor-widget elementor-widget-heading\" data-id=\"312fbff\" data-element_type=\"widget\" data-e-type=\"widget\" data-widget_type=\"heading.default\">\n\t\t\t\t<div class=\"elementor-widget-container\">\n\t\t\t\t\t<h2 class=\"elementor-heading-title elementor-size-default\">What you get with us<\/h2>\t\t\t\t<\/div>\n\t\t\t\t<\/div>\n\t\t\t\t<div class=\"elementor-element elementor-element-b6eef8f elementor-widget-divider--view-line elementor-widget elementor-widget-divider\" data-id=\"b6eef8f\" data-element_type=\"widget\" data-e-type=\"widget\" data-widget_type=\"divider.default\">\n\t\t\t\t<div class=\"elementor-widget-container\">\n\t\t\t\t\t\t\t<div class=\"elementor-divider\">\n\t\t\t<span class=\"elementor-divider-separator\">\n\t\t\t\t\t\t<\/span>\n\t\t<\/div>\n\t\t\t\t\t\t<\/div>\n\t\t\t\t<\/div>\n\t\t\t\t<div class=\"elementor-element elementor-element-64dbfe94 elementor-widget elementor-widget-qi_addons_for_elementor_item_showcase\" data-id=\"64dbfe94\" data-element_type=\"widget\" data-e-type=\"widget\" data-widget_type=\"qi_addons_for_elementor_item_showcase.default\">\n\t\t\t\t<div class=\"elementor-widget-container\">\n\t\t\t\t\t<div class=\"qodef-shortcode qodef-m qodef-qi-item-showcase qodef-layout--standard qodef-qi--has-appear\">\n\t<div class=\"qodef-m-items qodef--left\">\n\t\t<div class=\"qodef-m-item qodef-e\">\n\t\t<div class=\"qodef-e-number\">\n\t\t1.\t<\/div>\n\t\t<h3 class=\"qodef-e-title\">\n\t Visual content and written: \t<\/h3>\n\t\t<p class=\"qodef-e-text\">Reflect the true identity of your brand in images and texts that are attractive.<\/p>\n\t<\/div>\n<div class=\"qodef-m-item qodef-e\">\n\t\t<div class=\"qodef-e-number\">\n\t\t2.\t<\/div>\n\t\t<h3 class=\"qodef-e-title\">\n\t Grid content: \t<\/h3>\n\t\t<p class=\"qodef-e-text\">Publications planned and consistent to keep your brand active.<\/p>\n\t<\/div>\n\t<\/div>\n\t\t<div class=\"qodef-m-image\">\n\t\t<img fetchpriority=\"high\" decoding=\"async\" width=\"1300\" height=\"2000\" src=\"https:\/\/itecology.co\/wp-content\/uploads\/2024\/09\/administracion-rrss.png\" class=\"attachment-full size-full\" alt=\"\" srcset=\"https:\/\/itecology.co\/wp-content\/uploads\/2024\/09\/administracion-rrss.png 1300w, https:\/\/itecology.co\/wp-content\/uploads\/2024\/09\/administracion-rrss-195x300.png 195w, https:\/\/itecology.co\/wp-content\/uploads\/2024\/09\/administracion-rrss-666x1024.png 666w, https:\/\/itecology.co\/wp-content\/uploads\/2024\/09\/administracion-rrss-768x1182.png 768w, https:\/\/itecology.co\/wp-content\/uploads\/2024\/09\/administracion-rrss-998x1536.png 998w\" sizes=\"(max-width: 1300px) 100vw, 1300px\" \/>\t<\/div>\n\t<div class=\"qodef-m-items qodef--right\">\n\t\t<div class=\"qodef-m-item qodef-e\">\n\t\t<div class=\"qodef-e-number\">\n\t\t3.\t<\/div>\n\t\t<h3 class=\"qodef-e-title\">\n\t Analysis and reporting \t<\/h3>\n\t\t<p class=\"qodef-e-text\">We provide detailed reports to optimize your strategy constantly.<\/p>\n\t<\/div>\n\t<\/div>\n<\/div>\n\t\t\t\t<\/div>\n\t\t\t\t<\/div>\n\t\t\t\t\t<\/div>\n\t\t<\/div>\n\t\t\t\t\t<\/div>\n\t\t<\/section>\n\t\t\t\t<section class=\"elementor-section elementor-top-section elementor-element elementor-element-6b2db83 elementor-section-boxed elementor-section-height-default elementor-section-height-default\" data-id=\"6b2db83\" data-element_type=\"section\" data-e-type=\"section\">\n\t\t\t\t\t\t<div class=\"elementor-container elementor-column-gap-default\">\n\t\t\t\t\t<div class=\"elementor-column elementor-col-50 elementor-top-column elementor-element elementor-element-6c706a2\" data-id=\"6c706a2\" data-element_type=\"column\" data-e-type=\"column\">\n\t\t\t<div class=\"elementor-widget-wrap elementor-element-populated\">\n\t\t\t\t\t\t<div class=\"elementor-element elementor-element-011db80 elementor-widget elementor-widget-text-editor\" data-id=\"011db80\" data-element_type=\"widget\" data-e-type=\"widget\" data-widget_type=\"text-editor.default\">\n\t\t\t\t<div class=\"elementor-widget-container\">\n\t\t\t\t\t\t\t\t\t<p>We transform each publication in an opportunity for interaction and conversion. <strong>Make your brand shine on social networks with us!<\/strong><\/p>\t\t\t\t\t\t\t\t<\/div>\n\t\t\t\t<\/div>\n\t\t\t\t\t<\/div>\n\t\t<\/div>\n\t\t\t\t<div class=\"elementor-column elementor-col-50 elementor-top-column elementor-element elementor-element-456dfe5\" data-id=\"456dfe5\" data-element_type=\"column\" data-e-type=\"column\">\n\t\t\t<div class=\"elementor-widget-wrap elementor-element-populated\">\n\t\t\t\t\t\t<div class=\"elementor-element elementor-element-942a35a elementor-align-center elementor-widget elementor-widget-button\" data-id=\"942a35a\" data-element_type=\"widget\" data-e-type=\"widget\" data-widget_type=\"button.default\">\n\t\t\t\t<div class=\"elementor-widget-container\">\n\t\t\t\t\t\t\t\t\t<div class=\"elementor-button-wrapper\">\n\t\t\t\t\t<a class=\"elementor-button elementor-button-link elementor-size-sm\" href=\"#\">\n\t\t\t\t\t\t<span class=\"elementor-button-content-wrapper\">\n\t\t\t\t\t\t\t\t\t<span class=\"elementor-button-text\">Let&#039;s talk!<\/span>\n\t\t\t\t\t<\/span>\n\t\t\t\t\t<\/a>\n\t\t\t\t<\/div>\n\t\t\t\t\t\t\t\t<\/div>\n\t\t\t\t<\/div>\n\t\t\t\t\t<\/div>\n\t\t<\/div>\n\t\t\t\t\t<\/div>\n\t\t<\/section>\n\t\t\t\t<section class=\"elementor-section elementor-top-section elementor-element elementor-element-5583111 elementor-section-boxed elementor-section-height-default elementor-section-height-default\" data-id=\"5583111\" data-element_type=\"section\" data-e-type=\"section\">\n\t\t\t\t\t\t<div class=\"elementor-container elementor-column-gap-no\">\n\t\t\t\t\t<div class=\"elementor-column elementor-col-100 elementor-top-column elementor-element elementor-element-aecf26e\" data-id=\"aecf26e\" data-element_type=\"column\" data-e-type=\"column\" data-settings=\"{&quot;background_background&quot;:&quot;classic&quot;}\">\n\t\t\t<div class=\"elementor-widget-wrap elementor-element-populated\">\n\t\t\t\t\t\t<div class=\"elementor-element elementor-element-f4aede1 elementor-widget elementor-widget-image-carousel\" data-id=\"f4aede1\" data-element_type=\"widget\" data-e-type=\"widget\" data-settings=\"{&quot;navigation&quot;:&quot;none&quot;,&quot;autoplay_speed&quot;:2500,&quot;speed&quot;:400,&quot;autoplay&quot;:&quot;yes&quot;,&quot;pause_on_hover&quot;:&quot;yes&quot;,&quot;pause_on_interaction&quot;:&quot;yes&quot;,&quot;infinite&quot;:&quot;yes&quot;}\" data-widget_type=\"image-carousel.default\">\n\t\t\t\t<div class=\"elementor-widget-container\">\n\t\t\t\t\t\t\t<div class=\"elementor-image-carousel-wrapper swiper\" role=\"region\" aria-roledescription=\"carousel\" aria-label=\"Carrusel de im\u00e1genes\" dir=\"ltr\">\n\t\t\t<div class=\"elementor-image-carousel swiper-wrapper\" aria-live=\"off\">\n\t\t\t\t\t\t\t\t<div class=\"swiper-slide\" role=\"group\" aria-roledescription=\"slide\" aria-label=\"1 of 12\"><figure class=\"swiper-slide-inner\"><img decoding=\"async\" class=\"swiper-slide-image\" src=\"https:\/\/itecology.co\/wp-content\/uploads\/2024\/09\/mminsurance.png\" alt=\"mminsurance\" \/><\/figure><\/div><div class=\"swiper-slide\" role=\"group\" aria-roledescription=\"slide\" aria-label=\"2 of 12\"><figure class=\"swiper-slide-inner\"><img decoding=\"async\" class=\"swiper-slide-image\" src=\"https:\/\/itecology.co\/wp-content\/uploads\/2024\/09\/mesurgical.png\" alt=\"mesurgical\" \/><\/figure><\/div><div class=\"swiper-slide\" role=\"group\" aria-roledescription=\"slide\" aria-label=\"3 of 12\"><figure class=\"swiper-slide-inner\"><img decoding=\"async\" class=\"swiper-slide-image\" src=\"https:\/\/itecology.co\/wp-content\/uploads\/2024\/09\/hidrenambiente.png\" alt=\"hidrenambiente\" \/><\/figure><\/div><div class=\"swiper-slide\" role=\"group\" aria-roledescription=\"slide\" aria-label=\"4 of 12\"><figure class=\"swiper-slide-inner\"><img decoding=\"async\" class=\"swiper-slide-image\" src=\"https:\/\/itecology.co\/wp-content\/uploads\/2024\/09\/ANAE.png\" alt=\"ANAE\" \/><\/figure><\/div><div class=\"swiper-slide\" role=\"group\" aria-roledescription=\"slide\" aria-label=\"5 of 12\"><figure class=\"swiper-slide-inner\"><img decoding=\"async\" class=\"swiper-slide-image\" src=\"https:\/\/itecology.co\/wp-content\/uploads\/2024\/09\/MEDIOORIENTE.png\" alt=\"MEDIOORIENTE\" \/><\/figure><\/div><div class=\"swiper-slide\" role=\"group\" aria-roledescription=\"slide\" aria-label=\"6 of 12\"><figure class=\"swiper-slide-inner\"><img decoding=\"async\" class=\"swiper-slide-image\" src=\"https:\/\/itecology.co\/wp-content\/uploads\/2024\/09\/MAABOGADOS.png\" alt=\"MAABOGADOS\" \/><\/figure><\/div><div class=\"swiper-slide\" role=\"group\" aria-roledescription=\"slide\" aria-label=\"7 of 12\"><figure class=\"swiper-slide-inner\"><img decoding=\"async\" class=\"swiper-slide-image\" src=\"https:\/\/itecology.co\/wp-content\/uploads\/2024\/09\/LLANTASMIL.png\" alt=\"LLANTASMIL\" \/><\/figure><\/div><div class=\"swiper-slide\" role=\"group\" aria-roledescription=\"slide\" aria-label=\"8 of 12\"><figure class=\"swiper-slide-inner\"><img decoding=\"async\" class=\"swiper-slide-image\" src=\"https:\/\/itecology.co\/wp-content\/uploads\/2024\/09\/LENTESPLUS.png\" alt=\"LENTESPLUS\" \/><\/figure><\/div><div class=\"swiper-slide\" role=\"group\" aria-roledescription=\"slide\" aria-label=\"9 of 12\"><figure class=\"swiper-slide-inner\"><img decoding=\"async\" class=\"swiper-slide-image\" src=\"https:\/\/itecology.co\/wp-content\/uploads\/2024\/09\/HUES.png\" alt=\"HUES\" \/><\/figure><\/div><div class=\"swiper-slide\" role=\"group\" aria-roledescription=\"slide\" aria-label=\"10 of 12\"><figure class=\"swiper-slide-inner\"><img decoding=\"async\" class=\"swiper-slide-image\" src=\"https:\/\/itecology.co\/wp-content\/uploads\/2024\/09\/HILARESTUDIO.png\" alt=\"HILARESTUDIO\" \/><\/figure><\/div><div class=\"swiper-slide\" role=\"group\" aria-roledescription=\"slide\" aria-label=\"11 of 12\"><figure class=\"swiper-slide-inner\"><img decoding=\"async\" class=\"swiper-slide-image\" src=\"https:\/\/itecology.co\/wp-content\/uploads\/2024\/09\/biltwell.png\" alt=\"biltwell\" \/><\/figure><\/div><div class=\"swiper-slide\" role=\"group\" aria-roledescription=\"slide\" aria-label=\"12 of 12\"><figure class=\"swiper-slide-inner\"><img decoding=\"async\" class=\"swiper-slide-image\" src=\"https:\/\/itecology.co\/wp-content\/uploads\/2024\/09\/BELLAMIA1.png\" alt=\"BELLAMIA1\" \/><\/figure><\/div>\t\t\t<\/div>\n\t\t\t\t\t\t\t\n\t\t\t\t\t\t\t\t\t<\/div>\n\t\t\t\t\t\t<\/div>\n\t\t\t\t<\/div>\n\t\t\t\t\t<\/div>\n\t\t<\/div>\n\t\t\t\t\t<\/div>\n\t\t<\/section>\n\t\t\t\t<\/div>","protected":false},"excerpt":{"rendered":"<p>ADMINISTRACI\u00d3N DE REDES SOCIALES Gestionar redes sociales que realmente impacten y conecten con tu audiencia es m\u00e1s que publicar frecuentemente. En IT Ecology, dise\u00f1amos una estrategia que fusiona creatividad y an\u00e1lisis para generar resultados reales.Nos encargamos de todo: desde la creaci\u00f3n de contenido visual hasta la planificaci\u00f3n estrat\u00e9gica en cada plataforma. Cada post est\u00e1 optimizado [&hellip;]<\/p>\n","protected":false},"author":1,"featured_media":0,"parent":0,"menu_order":0,"comment_status":"closed","ping_status":"closed","template":"","meta":{"footnotes":""},"class_list":["post-550","page","type-page","status-publish","hentry"],"_links":{"self":[{"href":"https:\/\/itecology.co\/en\/wp-json\/wp\/v2\/pages\/550","targetHints":{"allow":["GET"]}}],"collection":[{"href":"https:\/\/itecology.co\/en\/wp-json\/wp\/v2\/pages"}],"about":[{"href":"https:\/\/itecology.co\/en\/wp-json\/wp\/v2\/types\/page"}],"author":[{"embeddable":true,"href":"https:\/\/itecology.co\/en\/wp-json\/wp\/v2\/users\/1"}],"replies":[{"embeddable":true,"href":"https:\/\/itecology.co\/en\/wp-json\/wp\/v2\/comments?post=550"}],"version-history":[{"count":43,"href":"https:\/\/itecology.co\/en\/wp-json\/wp\/v2\/pages\/550\/revisions"}],"predecessor-version":[{"id":1124,"href":"https:\/\/itecology.co\/en\/wp-json\/wp\/v2\/pages\/550\/revisions\/1124"}],"wp:attachment":[{"href":"https:\/\/itecology.co\/en\/wp-json\/wp\/v2\/media?parent=550"}],"curies":[{"name":"wp","href":"https:\/\/api.w.org\/{rel}","templated":true}]}}